{"id":2390,"date":"2021-12-02T11:49:14","date_gmt":"2021-12-02T10:49:14","guid":{"rendered":"https:\/\/fly-tech-elearning.de\/?page_id=2390"},"modified":"2023-07-13T15:47:21","modified_gmt":"2023-07-13T13:47:21","slug":"datenschutz-awareness","status":"publish","type":"page","link":"https:\/\/fly-tech-elearning.de\/en\/datenschutz-awareness\/","title":{"rendered":"Datenschutz Awareness"},"content":{"rendered":"<div id=\"b5-slider-block_9747aed7f9dd6f08760817e60e720eae\" class=\"b5-slider  alignfull\" data-effect=\"fade\" data-items-per-slide=\"1\">\n\n\t\t\n\t\t\t<div class=\"item b5-slide b5-type-bild\">\t\n\t\t\t\t\t\t\t\t\t\t\t\t\t\n\t\t\t\t\t\t\t\t\t\n\t\t\t\t\t\t\t\t\t<img decoding=\"async\" src=\"https:\/\/fly-tech-elearning.de\/wp-content\/uploads\/2021\/08\/image.png\" alt=\"\" \/>\n\t\t\t\t\t\t\t\t\t\n\t\t\t\t\t\t\t\t\t<div class=\"b5-caption\">\n\t\t\t\t\t\t<div class=\"b5-caption-prefix\"><strong>fly-tech<\/strong> Academy<\/div>\n\t\t\t\t\t\t<div class=\"b5-caption-line\">Simply learn digitally.<\/div>\n\t\t\t\t\t<\/div>\n\t\t\t\t\t\t\t\t\t\n\t\t\t\t\t\t\t\t\t<div class=\"b5-squares b5-squares-align-bottomleft\">\n\t\t\t\t\t\t<span class=\"b5-icon-font b5-icon-font-squares\"><\/span>\n\t\t\t\t\t<\/div>\n\t\t\t\t\t\t\t\t\n\t\t\t\t\t\t\t\t\t\t\n\t\t\t\t\t\t\t\t\t\t\t\t\t\n\t\t\t<\/div>\n\n\t\t\t\t\n\n\t<\/div>\n\n\n\n\n<div class=\"b5-stoerer alignfull\">\n<a href=\"https:\/\/fly-tech-elearning.de\/en\/fly-tech-academy\/\" target=\"_blank\" rel=\"noopener noreferrer\"><strong>User <\/strong> Login<\/a>\n<\/div>\n\n\n\n<h1 class=\"wp-block-heading has-text-align-center\"><strong>Datenschutz <\/strong>Awareness<\/h1>\n\n\n\n<p class=\"has-text-align-center\">Im Rahmen des <strong>e-Learnings &#8222;Datenschutz Awareness&#8220;<\/strong> erfahren Sie, worauf Sie als AnwenderIn im Datenschutz achten m\u00fcssen. Im Rahmen Ihrer T\u00e4tigkeit kommen Sie selbst in Kontakt mit personenbezogenen Daten und verarbeiten diese.&nbsp;Anhand dieser Datenschutzinformation m\u00f6chten wir Ihnen zeigen, wie Sie mit personenbezogenen Daten umgehen, wie Sie dieses verarbeiten und welche Rechte und Pflichten Sie beim Umgang mit personenbezogenen Daten beachten m\u00fcssen. Um f\u00fcr alle TeilnehmerInnen eine Zugang zu den Lerninhalten zu schaffen, verzichten wir soweit m\u00f6glich auf Fachbegriffe und erkl\u00e4ren auch komplexe Zusammenh\u00e4nge in leicht verst\u00e4ndlichen Worten.<\/p>\n\n\n\n<p class=\"has-text-align-center\">Diesen Kurs bieten wir auf <strong>Deutsch<\/strong> und <strong>Englisch <\/strong>an. <\/p>\n\n\n\n<p class=\"has-text-align-center\">Wir legen gro\u00dfen Wert auf eine <strong>abwechslungsreiche und unterhaltsame Aufbereitung<\/strong> der Inhalte und laden Sie ein, sich in <strong>acht interaktiven Modulen<\/strong> inklusive Lern-Videos mit folgenden Themen vertraut zu machen:<\/p>\n\n\n\n<div style=\"height:30px\" aria-hidden=\"true\" class=\"wp-block-spacer\"><\/div>\n\n\n\n<div class=\"b5-hr\"><hr><\/div>\n\n\n\n<div class=\"wp-block-columns has-3-columns b5-col-features is-layout-flex wp-container-core-columns-is-layout-9d6595d7 wp-block-columns-is-layout-flex\">\n<div class=\"wp-block-column is-layout-flow wp-block-column-is-layout-flow\">\n<p><strong>Datenschutz &#8211; Basis<\/strong><\/p>\n\n\n\n<ul class=\"wp-block-list\">\n<li>Was ist Datenschutz?<\/li>\n\n\n\n<li>Wen sch\u00fctzt der Datenschutz?<\/li>\n<\/ul>\n\n\n\n<p><strong>Warum ist Datenschutz so wichtig?<\/strong><\/p>\n\n\n\n<ul class=\"wp-block-list\">\n<li>Gr\u00fcnde und Werte<\/li>\n\n\n\n<li>Informationelle Selbstbestimmung<\/li>\n\n\n\n<li>Schutzbed\u00fcrftige Informationen<\/li>\n<\/ul>\n<\/div>\n\n\n\n<div class=\"wp-block-column is-layout-flow wp-block-column-is-layout-flow\">\n<p><strong>Personenbezogene Daten<\/strong><\/p>\n\n\n\n<ul class=\"wp-block-list\">\n<li>Was sind personenbezogene Daten?<\/li>\n\n\n\n<li>Verantwortlichkeiten<\/li>\n\n\n\n<li>Verarbeitung von personenbezogene Daten<\/li>\n<\/ul>\n\n\n\n<p><strong>Datensicherheit<\/strong><\/p>\n\n\n\n<ul class=\"wp-block-list\">\n<li>Vertraulichkeit<\/li>\n\n\n\n<li>Integrit\u00e4t<\/li>\n\n\n\n<li>Verf\u00fcgbarkeit<\/li>\n<\/ul>\n\n\n\n<p><\/p>\n<\/div>\n\n\n\n<div class=\"wp-block-column is-layout-flow wp-block-column-is-layout-flow\">\n<p><strong>Betroffene und Datenpannen<\/strong><\/p>\n\n\n\n<ul class=\"wp-block-list\">\n<li>Rechte der Betroffenen<\/li>\n\n\n\n<li>Umgang mit Datenpannen<\/li>\n<\/ul>\n\n\n\n<p><strong>Der Arbeitsplatz<\/strong><\/p>\n\n\n\n<ul class=\"wp-block-list\">\n<li>Gefahrenquellen (z. B. E-Mail, Drucker)<\/li>\n\n\n\n<li>Clean Desk<\/li>\n\n\n\n<li>Passwortsicherheit<\/li>\n<\/ul>\n<\/div>\n<\/div>\n\n\n\n<div style=\"height:30px\" aria-hidden=\"true\" class=\"wp-block-spacer\"><\/div>\n\n\n\n<figure class=\"wp-block-video\"><video height=\"1080\" style=\"aspect-ratio: 1920 \/ 1080;\" width=\"1920\" controls poster=\"https:\/\/fly-tech-elearning.de\/wp-content\/uploads\/2019\/07\/poster-video-e-learning.jpg\" src=\"https:\/\/fly-tech-elearning.de\/wp-content\/uploads\/2019\/07\/E-Learning-Erkla\u0308rvideo.mp4\"><\/video><\/figure>\n\n\n<div id=\"b5-text-banner-block_469d5e0dc93c2f684df61c3698e29824\" class=\"b5-text-banner alignfull\">\n    <div class=\"title\"><p style=\"text-align: center;\"><strong>Haben Sie noch Fragen? Dann kontaktieren Sie uns unter:<\/strong>\r\nTel. 0821 207111-17 oder E-Mail: beratung@fly-tech.de<\/p><\/div>\n<\/div>\n<style type=\"text\/css\">\n\t#b5-text-banner-block_469d5e0dc93c2f684df61c3698e29824 {\n\t\tbackground: #111;\n\t\tcolor: #fff;\n\t\tpadding: 50px 0;\n\t\tmargin: 60px auto;\n\t}\n<\/style>\n\n\n<h2 class=\"wp-block-heading\"><strong>Kursbuchung<\/strong><\/h2>\n\n\n\n<div class=\"wp-block-columns has-2-columns is-layout-flex wp-container-core-columns-is-layout-9d6595d7 wp-block-columns-is-layout-flex\">\n<div class=\"wp-block-column is-layout-flow wp-block-column-is-layout-flow\">\n<div class=\"wpcf7 no-js\" id=\"wpcf7-f755-o1\" lang=\"de-DE\" dir=\"ltr\" data-wpcf7-id=\"755\">\n<div class=\"screen-reader-response\"><p role=\"status\" aria-live=\"polite\" aria-atomic=\"true\"><\/p> <ul><\/ul><\/div>\n<form action=\"\/en\/wp-json\/wp\/v2\/pages\/2390#wpcf7-f755-o1\" method=\"post\" class=\"wpcf7-form init\" aria-label=\"Kontaktformular\" novalidate=\"novalidate\" data-status=\"init\" data-trp-original-action=\"\/en\/wp-json\/wp\/v2\/pages\/2390#wpcf7-f755-o1\">\n<fieldset class=\"hidden-fields-container\"><input type=\"hidden\" name=\"_wpcf7\" value=\"755\" \/><input type=\"hidden\" name=\"_wpcf7_version\" value=\"6.1.5\" \/><input type=\"hidden\" name=\"_wpcf7_locale\" value=\"de_DE\" \/><input type=\"hidden\" name=\"_wpcf7_unit_tag\" value=\"wpcf7-f755-o1\" \/><input type=\"hidden\" name=\"_wpcf7_container_post\" value=\"0\" \/><input type=\"hidden\" name=\"_wpcf7_posted_data_hash\" value=\"\" \/>\n<\/fieldset>\n<div class=\"clearfix\">\n\t<p><label>Kurs (Pflichtfeld)<br \/>\n<span class=\"wpcf7-form-control-wrap\" data-name=\"kurse\"><select class=\"wpcf7-form-control wpcf7-select wpcf7-validates-as-required\" id=\"kurse\" aria-required=\"true\" aria-invalid=\"false\" name=\"kurse\"><option value=\"\">&#8211; Bitte ausw\u00e4hlen &#8211;<\/option><option value=\"Kurs 1 \u2013 Ausbildung zum Datenschutzkoordinator\">Kurs 1 \u2013 Ausbildung zum Datenschutzkoordinator<\/option><option value=\"Kurs 2 \u2013 Datenschutz f\u00fcr IT-Mitarbeiter und Administratoren\">Kurs 2 \u2013 Datenschutz f\u00fcr IT-Mitarbeiter und Administratoren<\/option><option value=\"Kurs 3 \u2013 Datenschutz und Informationssicherheit\">Kurs 3 \u2013 Datenschutz und Informationssicherheit<\/option><option value=\"Kurs 4 \u2013 Data protection training\">Kurs 4 \u2013 Data protection training<\/option><option value=\"Kurs 5 \u2013 Datenschutzschulung DSGVO\">Kurs 5 \u2013 Datenschutzschulung DSGVO<\/option><option value=\"Kurs 6 \u2013 Einf\u00fchrung DSMS\">Kurs 6 \u2013 Einf\u00fchrung DSMS<\/option><option value=\"Kurs 7 \u2013 Einf\u00fchrung in die k\u00fcnstliche Intelligenz\">Kurs 7 \u2013 Einf\u00fchrung in die k\u00fcnstliche Intelligenz<\/option><\/select><\/span><br \/>\n<\/label>\n\t<\/p>\n\t<p><label>Anzahl der Teilnehmer (Pflichtfeld)<br \/>\n<span class=\"wpcf7-form-control-wrap\" data-name=\"anzahl\"><input class=\"wpcf7-form-control wpcf7-number wpcf7-validates-as-required wpcf7-validates-as-number\" min=\"1\" max=\"9999\" aria-required=\"true\" aria-invalid=\"false\" value=\"1\" type=\"number\" name=\"anzahl\" \/><\/span><br \/>\n<\/label>\n\t<\/p>\n\t<p><label>Vorname (Pflichtfeld)<br \/>\n<span class=\"wpcf7-form-control-wrap\" data-name=\"fullname\"><input size=\"40\" maxlength=\"400\" class=\"wpcf7-form-control wpcf7-text wpcf7-validates-as-required\" aria-required=\"true\" aria-invalid=\"false\" value=\"\" type=\"text\" name=\"fullname\" \/><\/span> <\/label>\n\t<\/p>\n\t<p><label>Name (Pflichtfeld)<br \/>\n<span class=\"wpcf7-form-control-wrap\" data-name=\"fullname\"><input size=\"40\" maxlength=\"400\" class=\"wpcf7-form-control wpcf7-text wpcf7-validates-as-required\" aria-required=\"true\" aria-invalid=\"false\" value=\"\" type=\"text\" name=\"fullname\" \/><\/span> <\/label>\n\t<\/p>\n\t<p><label>E-Mail-Adresse (Pflichtfeld)<br \/>\n<span class=\"wpcf7-form-control-wrap\" data-name=\"email\"><input size=\"40\" maxlength=\"400\" class=\"wpcf7-form-control wpcf7-email wpcf7-validates-as-required wpcf7-text wpcf7-validates-as-email\" aria-required=\"true\" aria-invalid=\"false\" value=\"\" type=\"email\" name=\"email\" \/><\/span> <\/label>\n\t<\/p>\n\t<p><label>Anmerkungen (optional)<br \/>\n<span class=\"wpcf7-form-control-wrap\" data-name=\"message\"><textarea cols=\"40\" rows=\"10\" maxlength=\"2000\" class=\"wpcf7-form-control wpcf7-textarea\" aria-invalid=\"false\" name=\"message\"><\/textarea><\/span> <\/label>\n\t<\/p>\n\t<p><span class=\"wpcf7-form-control-wrap\" data-name=\"dsgvo\"><span class=\"wpcf7-form-control wpcf7-acceptance\"><span class=\"wpcf7-list-item\"><label><input type=\"checkbox\" name=\"dsgvo\" value=\"1\" aria-invalid=\"false\" \/><span class=\"wpcf7-list-item-label\">Ich habe die <a href=\"\/en\/agb\/\">AGB<\/a> und <a href=\"\/en\/datenschutzerklaerung\/\">Datenschutzbestimmungen<\/a> gelesen und stimme der dort angef\u00fchrten Erhebung, Verarbeitung und Nutzung meiner Daten durch die fly-tech IT GmbH zu. (Pflichtfeld)<\/span><\/label><\/span><\/span><\/span>\n\t<\/p>\n\t<p><strong>Hiermit bestellen wir verbindlich f\u00fcr die o.g. Anzahl an Teilnehmern den Zugang zum E-Learning Portal.<\/strong><br \/>\n\u2022 Es gelten die aktuell g\u00fcltigen AGB der fly-tech IT GmbH<br \/>\n\u2022 1 Jahr Zugriff auf das E-Learning Portal f\u00fcr die o.g. Anzahl an Teilnehmern<br \/>\n\u2022 Bereitstellungsdauer der Zugangslinks: 14 Tage ab Erhalt Ihrer Teilnehmerliste\n\t<\/p>\n\t<p><input class=\"wpcf7-form-control wpcf7-submit has-spinner\" type=\"submit\" value=\"Bestellung abschicken\" \/>\n\t<\/p>\n<\/div><div class=\"frc-captcha\" data-sitekey=\"FCMIP7L69TN3B8QL\" data-lang=\"de\" ><\/div>\n\t\t<noscript>You need to enable Javascript for the anti-spam check.<\/noscript><div class=\"wpcf7-response-output\" aria-hidden=\"true\"><\/div>\n<input type=\"hidden\" name=\"trp-form-language\" value=\"en\"\/><\/form>\n<\/div>\n\n<\/div>\n\n\n\n<div class=\"wp-block-column is-layout-flow wp-block-column-is-layout-flow\">\n<p><strong>fly-tech IT GmbH &amp; Co. KG&nbsp;<\/strong><br>Winterbruckenweg 58&nbsp;<br>D-86316 Friedberg<\/p>\n\n\n\n<p><strong>0821 207111 17<br><a href=\"mailto:beratung@fly-tech.de\">Beratung@fly-tech.de<\/a><\/strong><\/p>\n<\/div>\n<\/div>","protected":false},"excerpt":{"rendered":"<p>User Login Datenschutz Awareness Im Rahmen des e-Learnings &#8222;Datenschutz Awareness&#8220; erfahren Sie, worauf Sie als AnwenderIn im Datenschutz achten m\u00fcssen&#8230;.<\/p>","protected":false},"author":3,"featured_media":0,"parent":0,"menu_order":0,"comment_status":"closed","ping_status":"closed","template":"","meta":{"_acf_changed":false,"footnotes":""},"class_list":["post-2390","page","type-page","status-publish","hentry"],"acf":[],"yoast_head":"<!-- This site is optimized with the Yoast SEO plugin v27.6 - https:\/\/yoast.com\/product\/yoast-seo-wordpress\/ -->\n<title>flytech - Ihr Digitalpartner<\/title>\n<meta name=\"description\" content=\"Wir schaffen innovative und sichere Arbeitswelten f\u00fcr den Mittelstand unserer Region. Unser Erfolgsrezept: modernste Technologie, Knowhow und Leidenschaft.\" \/>\n<meta name=\"robots\" content=\"index, follow, max-snippet:-1, max-image-preview:large, max-video-preview:-1\" \/>\n<link rel=\"canonical\" href=\"https:\/\/fly-tech-elearning.de\/en\/datenschutz-awareness\/\" \/>\n<meta property=\"og:locale\" content=\"en_GB\" \/>\n<meta property=\"og:type\" content=\"article\" \/>\n<meta property=\"og:title\" content=\"flytech - Ihr Digitalpartner\" \/>\n<meta property=\"og:description\" content=\"Wir schaffen innovative und sichere Arbeitswelten f\u00fcr den Mittelstand unserer Region. Unser Erfolgsrezept: modernste Technologie, Knowhow und Leidenschaft.\" \/>\n<meta property=\"og:url\" content=\"https:\/\/fly-tech-elearning.de\/en\/datenschutz-awareness\/\" \/>\n<meta property=\"og:site_name\" content=\"fly-tech IT GmbH\" \/>\n<meta property=\"article:modified_time\" content=\"2023-07-13T13:47:21+00:00\" \/>\n<meta name=\"twitter:card\" content=\"summary_large_image\" \/>\n<meta name=\"twitter:label1\" content=\"Estimated reading time\" \/>\n\t<meta name=\"twitter:data1\" content=\"2 minutes\" \/>\n<script type=\"application\/ld+json\" class=\"yoast-schema-graph\">{\"@context\":\"https:\\\/\\\/schema.org\",\"@graph\":[{\"@type\":\"WebPage\",\"@id\":\"https:\\\/\\\/fly-tech-elearning.de\\\/datenschutz-awareness\\\/\",\"url\":\"https:\\\/\\\/fly-tech-elearning.de\\\/datenschutz-awareness\\\/\",\"name\":\"flytech - Ihr Digitalpartner\",\"isPartOf\":{\"@id\":\"https:\\\/\\\/fly-tech-elearning.de\\\/#website\"},\"datePublished\":\"2021-12-02T10:49:14+00:00\",\"dateModified\":\"2023-07-13T13:47:21+00:00\",\"description\":\"Wir schaffen innovative und sichere Arbeitswelten f\u00fcr den Mittelstand unserer Region. Unser Erfolgsrezept: modernste Technologie, Knowhow und Leidenschaft.\",\"breadcrumb\":{\"@id\":\"https:\\\/\\\/fly-tech-elearning.de\\\/datenschutz-awareness\\\/#breadcrumb\"},\"inLanguage\":\"en-GB\",\"potentialAction\":[{\"@type\":\"ReadAction\",\"target\":[\"https:\\\/\\\/fly-tech-elearning.de\\\/datenschutz-awareness\\\/\"]}]},{\"@type\":\"BreadcrumbList\",\"@id\":\"https:\\\/\\\/fly-tech-elearning.de\\\/datenschutz-awareness\\\/#breadcrumb\",\"itemListElement\":[{\"@type\":\"ListItem\",\"position\":1,\"name\":\"Startseite\",\"item\":\"https:\\\/\\\/fly-tech-elearning.de\\\/\"},{\"@type\":\"ListItem\",\"position\":2,\"name\":\"Datenschutz Awareness\"}]},{\"@type\":\"WebSite\",\"@id\":\"https:\\\/\\\/fly-tech-elearning.de\\\/#website\",\"url\":\"https:\\\/\\\/fly-tech-elearning.de\\\/\",\"name\":\"fly-tech IT GmbH\",\"description\":\"Ihr Digitalpartner\",\"publisher\":{\"@id\":\"https:\\\/\\\/fly-tech-elearning.de\\\/#organization\"},\"potentialAction\":[{\"@type\":\"SearchAction\",\"target\":{\"@type\":\"EntryPoint\",\"urlTemplate\":\"https:\\\/\\\/fly-tech-elearning.de\\\/?s={search_term_string}\"},\"query-input\":{\"@type\":\"PropertyValueSpecification\",\"valueRequired\":true,\"valueName\":\"search_term_string\"}}],\"inLanguage\":\"en-GB\"},{\"@type\":\"Organization\",\"@id\":\"https:\\\/\\\/fly-tech-elearning.de\\\/#organization\",\"name\":\"fly-tech\",\"url\":\"https:\\\/\\\/fly-tech-elearning.de\\\/\",\"logo\":{\"@type\":\"ImageObject\",\"inLanguage\":\"en-GB\",\"@id\":\"https:\\\/\\\/fly-tech-elearning.de\\\/#\\\/schema\\\/logo\\\/image\\\/\",\"url\":\"\",\"contentUrl\":\"\",\"caption\":\"fly-tech\"},\"image\":{\"@id\":\"https:\\\/\\\/fly-tech-elearning.de\\\/#\\\/schema\\\/logo\\\/image\\\/\"}}]}<\/script>\n<!-- \/ Yoast SEO plugin. -->","yoast_head_json":{"title":"flytech - Ihr Digitalpartner","description":"Wir schaffen innovative und sichere Arbeitswelten f\u00fcr den Mittelstand unserer Region. Unser Erfolgsrezept: modernste Technologie, Knowhow und Leidenschaft.","robots":{"index":"index","follow":"follow","max-snippet":"max-snippet:-1","max-image-preview":"max-image-preview:large","max-video-preview":"max-video-preview:-1"},"canonical":"https:\/\/fly-tech-elearning.de\/en\/datenschutz-awareness\/","og_locale":"en_GB","og_type":"article","og_title":"flytech - Ihr Digitalpartner","og_description":"Wir schaffen innovative und sichere Arbeitswelten f\u00fcr den Mittelstand unserer Region. Unser Erfolgsrezept: modernste Technologie, Knowhow und Leidenschaft.","og_url":"https:\/\/fly-tech-elearning.de\/en\/datenschutz-awareness\/","og_site_name":"fly-tech IT GmbH","article_modified_time":"2023-07-13T13:47:21+00:00","twitter_card":"summary_large_image","twitter_misc":{"Estimated reading time":"2 minutes"},"schema":{"@context":"https:\/\/schema.org","@graph":[{"@type":"WebPage","@id":"https:\/\/fly-tech-elearning.de\/datenschutz-awareness\/","url":"https:\/\/fly-tech-elearning.de\/datenschutz-awareness\/","name":"flytech - Ihr Digitalpartner","isPartOf":{"@id":"https:\/\/fly-tech-elearning.de\/#website"},"datePublished":"2021-12-02T10:49:14+00:00","dateModified":"2023-07-13T13:47:21+00:00","description":"Wir schaffen innovative und sichere Arbeitswelten f\u00fcr den Mittelstand unserer Region. Unser Erfolgsrezept: modernste Technologie, Knowhow und Leidenschaft.","breadcrumb":{"@id":"https:\/\/fly-tech-elearning.de\/datenschutz-awareness\/#breadcrumb"},"inLanguage":"en-GB","potentialAction":[{"@type":"ReadAction","target":["https:\/\/fly-tech-elearning.de\/datenschutz-awareness\/"]}]},{"@type":"BreadcrumbList","@id":"https:\/\/fly-tech-elearning.de\/datenschutz-awareness\/#breadcrumb","itemListElement":[{"@type":"ListItem","position":1,"name":"Startseite","item":"https:\/\/fly-tech-elearning.de\/"},{"@type":"ListItem","position":2,"name":"Datenschutz Awareness"}]},{"@type":"WebSite","@id":"https:\/\/fly-tech-elearning.de\/#website","url":"https:\/\/fly-tech-elearning.de\/","name":"fly-tech IT GmbH","description":"Ihr Digitalpartner","publisher":{"@id":"https:\/\/fly-tech-elearning.de\/#organization"},"potentialAction":[{"@type":"SearchAction","target":{"@type":"EntryPoint","urlTemplate":"https:\/\/fly-tech-elearning.de\/?s={search_term_string}"},"query-input":{"@type":"PropertyValueSpecification","valueRequired":true,"valueName":"search_term_string"}}],"inLanguage":"en-GB"},{"@type":"Organization","@id":"https:\/\/fly-tech-elearning.de\/#organization","name":"fly-tech","url":"https:\/\/fly-tech-elearning.de\/","logo":{"@type":"ImageObject","inLanguage":"en-GB","@id":"https:\/\/fly-tech-elearning.de\/#\/schema\/logo\/image\/","url":"","contentUrl":"","caption":"fly-tech"},"image":{"@id":"https:\/\/fly-tech-elearning.de\/#\/schema\/logo\/image\/"}}]}},"_links":{"self":[{"href":"https:\/\/fly-tech-elearning.de\/en\/wp-json\/wp\/v2\/pages\/2390","targetHints":{"allow":["GET"]}}],"collection":[{"href":"https:\/\/fly-tech-elearning.de\/en\/wp-json\/wp\/v2\/pages"}],"about":[{"href":"https:\/\/fly-tech-elearning.de\/en\/wp-json\/wp\/v2\/types\/page"}],"author":[{"embeddable":true,"href":"https:\/\/fly-tech-elearning.de\/en\/wp-json\/wp\/v2\/users\/3"}],"replies":[{"embeddable":true,"href":"https:\/\/fly-tech-elearning.de\/en\/wp-json\/wp\/v2\/comments?post=2390"}],"version-history":[{"count":10,"href":"https:\/\/fly-tech-elearning.de\/en\/wp-json\/wp\/v2\/pages\/2390\/revisions"}],"predecessor-version":[{"id":2499,"href":"https:\/\/fly-tech-elearning.de\/en\/wp-json\/wp\/v2\/pages\/2390\/revisions\/2499"}],"wp:attachment":[{"href":"https:\/\/fly-tech-elearning.de\/en\/wp-json\/wp\/v2\/media?parent=2390"}],"curies":[{"name":"wp","href":"https:\/\/api.w.org\/{rel}","templated":true}]}}